{"id":10,"date":"2026-01-15T17:12:06","date_gmt":"2026-01-15T17:12:06","guid":{"rendered":"https:\/\/kreartes.rkinformatika.online\/?page_id=10"},"modified":"2026-03-25T10:33:03","modified_gmt":"2026-03-25T10:33:03","slug":"inicio","status":"publish","type":"page","link":"https:\/\/kreartes.com\/en\/","title":{"rendered":"Home"},"content":{"rendered":"<div data-elementor-type=\"wp-page\" data-elementor-id=\"10\" class=\"elementor elementor-10\" data-elementor-post-type=\"page\">\n\t\t\t\t<div class=\"elementor-element elementor-element-e538a33 e-flex e-con-boxed e-con e-parent\" data-id=\"e538a33\" data-element_type=\"container\" data-e-type=\"container\" data-settings=\"{&quot;background_background&quot;:&quot;classic&quot;}\">\n\t\t\t\t\t<div class=\"e-con-inner\">\n\t\t\t\t<div class=\"elementor-element elementor-element-e800dac elementor--h-position-center elementor--v-position-middle elementor-pagination-position-inside elementor-widget elementor-widget-slides\" data-id=\"e800dac\" data-element_type=\"widget\" data-e-type=\"widget\" data-settings=\"{&quot;navigation&quot;:&quot;dots&quot;,&quot;transition&quot;:&quot;fade&quot;,&quot;autoplay&quot;:&quot;yes&quot;,&quot;autoplay_speed&quot;:5000,&quot;infinite&quot;:&quot;yes&quot;,&quot;transition_speed&quot;:500}\" data-widget_type=\"slides.default\">\n\t\t\t\t\t\t\t\t\t\t<div class=\"elementor-slides-wrapper elementor-main-swiper swiper\" role=\"region\" aria-roledescription=\"carousel\" aria-label=\"Diapositivas\" dir=\"ltr\" data-animation=\"zoomIn\">\n\t\t\t\t<div class=\"swiper-wrapper elementor-slides\">\n\t\t\t\t\t\t\t\t\t\t<div class=\"elementor-repeater-item-83cf41c swiper-slide\" role=\"group\" aria-roledescription=\"slide\"><div class=\"swiper-slide-bg elementor-ken-burns elementor-ken-burns--in\" role=\"img\" aria-label=\"kreartes020\"><\/div><div class=\"swiper-slide-inner\" ><div class=\"swiper-slide-contents\"><div class=\"elementor-slide-heading\">Over 40 years personalizing your life<\/div><\/div><\/div><\/div><div class=\"elementor-repeater-item-bc03711 swiper-slide\" role=\"group\" aria-roledescription=\"slide\"><div class=\"swiper-slide-bg elementor-ken-burns elementor-ken-burns--in\" role=\"img\" aria-label=\"kreartes11\"><\/div><div class=\"swiper-slide-inner\" ><div class=\"swiper-slide-contents\"><div class=\"elementor-slide-heading\">From design to production<\/div><\/div><\/div><\/div><div class=\"elementor-repeater-item-eab4dc6 swiper-slide\" role=\"group\" aria-roledescription=\"slide\"><div class=\"swiper-slide-bg elementor-ken-burns elementor-ken-burns--in\" role=\"img\" aria-label=\"kreartes07\"><\/div><div class=\"swiper-slide-inner\" ><div class=\"swiper-slide-contents\"><div class=\"elementor-slide-heading\">A comprehensive solution to meet your needs<\/div><\/div><\/div><\/div><div class=\"elementor-repeater-item-bf94096 swiper-slide\" role=\"group\" aria-roledescription=\"slide\"><div class=\"swiper-slide-bg elementor-ken-burns elementor-ken-burns--in\" role=\"img\" aria-label=\"kreartes016\"><\/div><div class=\"swiper-slide-inner\" ><div class=\"swiper-slide-contents\"><\/div><\/div><\/div><div class=\"elementor-repeater-item-19c5e48 swiper-slide\" role=\"group\" aria-roledescription=\"slide\"><div class=\"swiper-slide-bg elementor-ken-burns elementor-ken-burns--in\" role=\"img\" aria-label=\"kreartes10\"><\/div><div class=\"swiper-slide-inner\" ><div class=\"swiper-slide-contents\"><\/div><\/div><\/div><div class=\"elementor-repeater-item-6dee3c2 swiper-slide\" role=\"group\" aria-roledescription=\"slide\"><div class=\"swiper-slide-bg elementor-ken-burns elementor-ken-burns--in\" role=\"img\" aria-label=\"kreartes21\"><\/div><div class=\"swiper-slide-inner\" ><div class=\"swiper-slide-contents\"><\/div><\/div><\/div><div class=\"elementor-repeater-item-d310b47 swiper-slide\" role=\"group\" aria-roledescription=\"slide\"><div class=\"swiper-slide-bg elementor-ken-burns elementor-ken-burns--in\" role=\"img\" aria-label=\"kreartes22\"><\/div><div class=\"swiper-slide-inner\" ><div class=\"swiper-slide-contents\"><\/div><\/div><\/div>\t\t\t\t<\/div>\n\t\t\t\t\t\t\t\t\t\t\t\t\t\t\t\t\t\t\t\t<div class=\"swiper-pagination\"><\/div>\n\t\t\t\t\t\t\t\t\t\t\t\t<\/div>\n\t\t\t\t\t\t\t\t<\/div>\n\t\t\t\t\t<\/div>\n\t\t\t\t<\/div>\n\t\t<div class=\"elementor-element elementor-element-024b766 e-flex e-con-boxed e-con e-parent\" data-id=\"024b766\" data-element_type=\"container\" data-e-type=\"container\" data-settings=\"{&quot;background_background&quot;:&quot;classic&quot;}\">\n\t\t\t\t\t<div class=\"e-con-inner\">\n\t\t<div class=\"elementor-element elementor-element-30ede09 e-con-full e-flex e-con e-child\" data-id=\"30ede09\" data-element_type=\"container\" data-e-type=\"container\">\n\t\t\t\t<div class=\"elementor-element elementor-element-ba235f1 elementor-widget elementor-widget-image\" data-id=\"ba235f1\" data-element_type=\"widget\" data-e-type=\"widget\" data-widget_type=\"image.default\">\n\t\t\t\t\t\t\t\t\t\t\t\t\t\t\t<img fetchpriority=\"high\" decoding=\"async\" width=\"800\" height=\"534\" src=\"https:\/\/kreartes.com\/wp-content\/uploads\/2026\/03\/2148586431-1024x683.jpg\" class=\"attachment-large size-large wp-image-455\" alt=\"\" srcset=\"https:\/\/kreartes.com\/wp-content\/uploads\/2026\/03\/2148586431-1024x683.jpg 1024w, https:\/\/kreartes.com\/wp-content\/uploads\/2026\/03\/2148586431-300x200.jpg 300w, https:\/\/kreartes.com\/wp-content\/uploads\/2026\/03\/2148586431-768x512.jpg 768w, https:\/\/kreartes.com\/wp-content\/uploads\/2026\/03\/2148586431-18x12.jpg 18w, https:\/\/kreartes.com\/wp-content\/uploads\/2026\/03\/2148586431.jpg 1500w\" sizes=\"(max-width: 800px) 100vw, 800px\" \/>\t\t\t\t\t\t\t\t\t\t\t\t\t\t\t<\/div>\n\t\t\t\t<\/div>\n\t\t<div class=\"elementor-element elementor-element-715623e e-con-full e-flex e-con e-child\" data-id=\"715623e\" data-element_type=\"container\" data-e-type=\"container\">\n\t\t\t\t<div class=\"elementor-element elementor-element-4d78171 elementor-widget elementor-widget-heading\" data-id=\"4d78171\" data-element_type=\"widget\" data-e-type=\"widget\" data-widget_type=\"heading.default\">\n\t\t\t\t\t<h2 class=\"elementor-heading-title elementor-size-default\">Personalize your world....<\/h2>\t\t\t\t<\/div>\n\t\t\t\t<div class=\"elementor-element elementor-element-6f92c0a elementor-widget elementor-widget-text-editor\" data-id=\"6f92c0a\" data-element_type=\"widget\" data-e-type=\"widget\" data-widget_type=\"text-editor.default\">\n\t\t\t\t\t\t\t\t\t<p>Gifts, clothing, marketing materials, accessories, cards, mugs, posters, vinyl decals, personalize t-shirts - the only limit is your imagination!<\/p><p>Whether you are a company or an individual, whether you are looking for something original for yourself or your loved ones, or if you need a partner in all things graphic arts, we have a creative solution to offer you.<\/p>\t\t\t\t\t\t\t\t<\/div>\n\t\t<div class=\"elementor-element elementor-element-fc48da0 e-grid e-con-full e-con e-child\" data-id=\"fc48da0\" data-element_type=\"container\" data-e-type=\"container\">\n\t\t\t\t<div class=\"elementor-element elementor-element-cd9e3ae elementor-widget elementor-widget-button\" data-id=\"cd9e3ae\" data-element_type=\"widget\" data-e-type=\"widget\" data-widget_type=\"button.default\">\n\t\t\t\t\t\t\t\t\t\t<a class=\"elementor-button elementor-button-link elementor-size-sm\" href=\"https:\/\/kreartes.com\/en\/sobre-nosotros\/\">\n\t\t\t\t\t\t<span class=\"elementor-button-content-wrapper\">\n\t\t\t\t\t\t\t\t\t<span class=\"elementor-button-text\">About us<\/span>\n\t\t\t\t\t<\/span>\n\t\t\t\t\t<\/a>\n\t\t\t\t\t\t\t\t<\/div>\n\t\t\t\t<div class=\"elementor-element elementor-element-a55905a elementor-widget elementor-widget-button\" data-id=\"a55905a\" data-element_type=\"widget\" data-e-type=\"widget\" data-widget_type=\"button.default\">\n\t\t\t\t\t\t\t\t\t\t<a class=\"elementor-button elementor-button-link elementor-size-sm\" href=\"https:\/\/kreartes.com\/en\/productos\/\">\n\t\t\t\t\t\t<span class=\"elementor-button-content-wrapper\">\n\t\t\t\t\t\t\t\t\t<span class=\"elementor-button-text\">Products<\/span>\n\t\t\t\t\t<\/span>\n\t\t\t\t\t<\/a>\n\t\t\t\t\t\t\t\t<\/div>\n\t\t\t\t<div class=\"elementor-element elementor-element-57d51aa elementor-widget elementor-widget-button\" data-id=\"57d51aa\" data-element_type=\"widget\" data-e-type=\"widget\" data-widget_type=\"button.default\">\n\t\t\t\t\t\t\t\t\t\t<a class=\"elementor-button elementor-button-link elementor-size-sm\" href=\"https:\/\/kreartes.com\/en\/contacto\/\">\n\t\t\t\t\t\t<span class=\"elementor-button-content-wrapper\">\n\t\t\t\t\t\t\t\t\t<span class=\"elementor-button-text\">Contact<\/span>\n\t\t\t\t\t<\/span>\n\t\t\t\t\t<\/a>\n\t\t\t\t\t\t\t\t<\/div>\n\t\t\t\t<\/div>\n\t\t\t\t<\/div>\n\t\t\t\t\t<\/div>\n\t\t\t\t<\/div>\n\t\t<div class=\"elementor-element elementor-element-ced3baf e-flex e-con-boxed e-con e-parent\" data-id=\"ced3baf\" data-element_type=\"container\" data-e-type=\"container\">\n\t\t\t\t\t<div class=\"e-con-inner\">\n\t\t<div class=\"elementor-element elementor-element-f3e7f75 e-con-full e-flex e-con e-child\" data-id=\"f3e7f75\" data-element_type=\"container\" data-e-type=\"container\">\n\t\t\t\t<div class=\"elementor-element elementor-element-61d6e2e elementor-widget elementor-widget-image\" data-id=\"61d6e2e\" data-element_type=\"widget\" data-e-type=\"widget\" data-widget_type=\"image.default\">\n\t\t\t\t\t\t\t\t\t\t\t\t\t\t\t<img decoding=\"async\" width=\"306\" height=\"638\" src=\"https:\/\/kreartes.com\/wp-content\/uploads\/2026\/03\/camisetas.png\" class=\"attachment-large size-large wp-image-124\" alt=\"\" srcset=\"https:\/\/kreartes.com\/wp-content\/uploads\/2026\/03\/camisetas.png 306w, https:\/\/kreartes.com\/wp-content\/uploads\/2026\/03\/camisetas-144x300.png 144w, https:\/\/kreartes.com\/wp-content\/uploads\/2026\/03\/camisetas-6x12.png 6w\" sizes=\"(max-width: 306px) 100vw, 306px\" \/>\t\t\t\t\t\t\t\t\t\t\t\t\t\t\t<\/div>\n\t\t\t\t<\/div>\n\t\t<div class=\"elementor-element elementor-element-20b0be3 e-con-full e-flex e-con e-child\" data-id=\"20b0be3\" data-element_type=\"container\" data-e-type=\"container\">\n\t\t\t\t<div class=\"elementor-element elementor-element-d8457f6 elementor-widget elementor-widget-heading\" data-id=\"d8457f6\" data-element_type=\"widget\" data-e-type=\"widget\" data-widget_type=\"heading.default\">\n\t\t\t\t\t<h2 class=\"elementor-heading-title elementor-size-default\">We love your imagination<\/h2>\t\t\t\t<\/div>\n\t\t\t\t<div class=\"elementor-element elementor-element-c4b7e2d elementor-widget elementor-widget-text-editor\" data-id=\"c4b7e2d\" data-element_type=\"widget\" data-e-type=\"widget\" data-widget_type=\"text-editor.default\">\n\t\t\t\t\t\t\t\t\t<p>Thousands of experiences back us up: fan clubs, associations, bachelor\/bachelorette parties, fans of sagas and sports clubs, mobile phone addicts and their accessories, and fans of accessories, jewelry, and personalized clothing (t-shirts, caps, scarves, sweatshirts). Because you're special, we make all these products unique for someone like you.<\/p><p>You'll be surprised by what we have for you. And if you don't find it, tell us and we'll find it or create it.<\/p>\t\t\t\t\t\t\t\t<\/div>\n\t\t\t\t<div class=\"elementor-element elementor-element-f5a198b elementor-widget elementor-widget-heading\" data-id=\"f5a198b\" data-element_type=\"widget\" data-e-type=\"widget\" data-widget_type=\"heading.default\">\n\t\t\t\t\t<h2 class=\"elementor-heading-title elementor-size-default\">Some examples<\/h2>\t\t\t\t<\/div>\n\t\t\t\t<div class=\"elementor-element elementor-element-1c0d763 elementor-widget elementor-widget-text-editor\" data-id=\"1c0d763\" data-element_type=\"widget\" data-e-type=\"widget\" data-widget_type=\"text-editor.default\">\n\t\t\t\t\t\t\t\t\t<p>*T-shirts, polo shirts, jackets, raincoats, sweatshirts, underwear, caps and much more.<br \/>*Accessories such as costume jewelry, handbags, pens, umbrellas, watches,\u2026<br \/>*Mobile phone accessories, lunchboxes, thermoses, mugs, keychains, puzzles, cushions, etc.<br \/>*Pictures, photos, drawings, books, frames, foam board and paints<br \/>*Magnets, calendars, albums, postcards, documents and more<br \/>*Products for weddings, baptisms, clubs, associations, birthdays, communions and other events and celebrations<br \/>*All kinds of technological accessories<br \/>*Household items<br \/>*Geek shop for saga merchandise<br \/>*Sports accessories store<br \/>*Branded products (see partners)<br \/>Outlet<\/p>\t\t\t\t\t\t\t\t<\/div>\n\t\t\t\t<\/div>\n\t\t\t\t\t<\/div>\n\t\t\t\t<\/div>\n\t\t<div class=\"elementor-element elementor-element-7ccfada e-flex e-con-boxed e-con e-parent\" data-id=\"7ccfada\" data-element_type=\"container\" data-e-type=\"container\">\n\t\t\t\t\t<div class=\"e-con-inner\">\n\t\t\t\t<div class=\"elementor-element elementor-element-32ed96d elementor-widget elementor-widget-gallery\" data-id=\"32ed96d\" data-element_type=\"widget\" data-e-type=\"widget\" data-settings=\"{&quot;gallery_layout&quot;:&quot;justified&quot;,&quot;lazyload&quot;:&quot;yes&quot;,&quot;ideal_row_height&quot;:{&quot;unit&quot;:&quot;px&quot;,&quot;size&quot;:200,&quot;sizes&quot;:[]},&quot;ideal_row_height_tablet&quot;:{&quot;unit&quot;:&quot;px&quot;,&quot;size&quot;:150,&quot;sizes&quot;:[]},&quot;ideal_row_height_mobile&quot;:{&quot;unit&quot;:&quot;px&quot;,&quot;size&quot;:150,&quot;sizes&quot;:[]},&quot;gap&quot;:{&quot;unit&quot;:&quot;px&quot;,&quot;size&quot;:10,&quot;sizes&quot;:[]},&quot;gap_tablet&quot;:{&quot;unit&quot;:&quot;px&quot;,&quot;size&quot;:10,&quot;sizes&quot;:[]},&quot;gap_mobile&quot;:{&quot;unit&quot;:&quot;px&quot;,&quot;size&quot;:10,&quot;sizes&quot;:[]},&quot;link_to&quot;:&quot;file&quot;,&quot;overlay_background&quot;:&quot;yes&quot;,&quot;content_hover_animation&quot;:&quot;fade-in&quot;}\" data-widget_type=\"gallery.default\">\n\t\t\t\t\t\t\t<div class=\"elementor-gallery__container\">\n\t\t\t\t\t\t\t<a class=\"e-gallery-item elementor-gallery-item elementor-animated-content\" href=\"https:\/\/kreartes.com\/wp-content\/uploads\/2026\/03\/tazas.jpg\" data-elementor-open-lightbox=\"yes\" data-elementor-lightbox-slideshow=\"32ed96d\" data-elementor-lightbox-title=\"tazas\" data-e-action-hash=\"#elementor-action%3Aaction%3Dlightbox%26settings%3DeyJpZCI6MTQ1LCJ1cmwiOiJodHRwczpcL1wva3JlYXJ0ZXMuY29tXC93cC1jb250ZW50XC91cGxvYWRzXC8yMDI2XC8wM1wvdGF6YXMuanBnIiwic2xpZGVzaG93IjoiMzJlZDk2ZCJ9\">\n\t\t\t\t\t<div class=\"e-gallery-image elementor-gallery-item__image\" data-thumbnail=\"https:\/\/kreartes.com\/wp-content\/uploads\/2026\/03\/tazas.jpg\" data-width=\"306\" data-height=\"190\" aria-label=\"\" role=\"img\" ><\/div>\n\t\t\t\t\t\t\t\t\t\t\t<div class=\"elementor-gallery-item__overlay\"><\/div>\n\t\t\t\t\t\t\t\t\t\t\t\t\t\t<\/a>\n\t\t\t\t\t\t\t<a class=\"e-gallery-item elementor-gallery-item elementor-animated-content\" href=\"https:\/\/kreartes.com\/wp-content\/uploads\/2026\/03\/Interior-I.jpeg\" data-elementor-open-lightbox=\"yes\" data-elementor-lightbox-slideshow=\"32ed96d\" data-elementor-lightbox-title=\"Interior I\" data-e-action-hash=\"#elementor-action%3Aaction%3Dlightbox%26settings%3DeyJpZCI6MTQzLCJ1cmwiOiJodHRwczpcL1wva3JlYXJ0ZXMuY29tXC93cC1jb250ZW50XC91cGxvYWRzXC8yMDI2XC8wM1wvSW50ZXJpb3ItSS5qcGVnIiwic2xpZGVzaG93IjoiMzJlZDk2ZCJ9\">\n\t\t\t\t\t<div class=\"e-gallery-image elementor-gallery-item__image\" data-thumbnail=\"https:\/\/kreartes.com\/wp-content\/uploads\/2026\/03\/Interior-I.jpeg\" data-width=\"306\" data-height=\"190\" aria-label=\"\" role=\"img\" ><\/div>\n\t\t\t\t\t\t\t\t\t\t\t<div class=\"elementor-gallery-item__overlay\"><\/div>\n\t\t\t\t\t\t\t\t\t\t\t\t\t\t<\/a>\n\t\t\t\t\t\t\t<a class=\"e-gallery-item elementor-gallery-item elementor-animated-content\" href=\"https:\/\/kreartes.com\/wp-content\/uploads\/2026\/03\/painting-2801050.jpg\" data-elementor-open-lightbox=\"yes\" data-elementor-lightbox-slideshow=\"32ed96d\" data-elementor-lightbox-title=\"painting-2801050\" data-e-action-hash=\"#elementor-action%3Aaction%3Dlightbox%26settings%3DeyJpZCI6MTQ0LCJ1cmwiOiJodHRwczpcL1wva3JlYXJ0ZXMuY29tXC93cC1jb250ZW50XC91cGxvYWRzXC8yMDI2XC8wM1wvcGFpbnRpbmctMjgwMTA1MC5qcGciLCJzbGlkZXNob3ciOiIzMmVkOTZkIn0%3D\">\n\t\t\t\t\t<div class=\"e-gallery-image elementor-gallery-item__image\" data-thumbnail=\"https:\/\/kreartes.com\/wp-content\/uploads\/2026\/03\/painting-2801050.jpg\" data-width=\"306\" data-height=\"190\" aria-label=\"\" role=\"img\" ><\/div>\n\t\t\t\t\t\t\t\t\t\t\t<div class=\"elementor-gallery-item__overlay\"><\/div>\n\t\t\t\t\t\t\t\t\t\t\t\t\t\t<\/a>\n\t\t\t\t\t<\/div>\n\t\t\t\t\t<\/div>\n\t\t\t\t\t<\/div>\n\t\t\t\t<\/div>\n\t\t\t\t<\/div>","protected":false},"excerpt":{"rendered":"<p>M\u00e1s de 40 a\u00f1os personalizando tu vidaDesde el dise\u00f1o a la producci\u00f3nSolucci\u00f3n integral para resolver tus necesidades Personaliza tu mundo&#8230;. Regalos, ropa, materiales de marketing, accesorios, tarjetas, tazas, p\u00f3steres, vinilos, personaliza camisetas, \u00a1El \u00fanico l\u00edmite es tu imaginaci\u00f3n! Tanto si eres una empresa como un particular, tanto si buscas\u00a0 algo original para ti o para [&hellip;]<\/p>\n","protected":false},"author":1,"featured_media":0,"parent":0,"menu_order":0,"comment_status":"closed","ping_status":"closed","template":"elementor_canvas","meta":{"footnotes":""},"class_list":["post-10","page","type-page","status-publish","hentry"],"yoast_head":"<!-- This site is optimized with the Yoast SEO plugin v27.3 - https:\/\/yoast.com\/product\/yoast-seo-wordpress\/ -->\n<title>Inicio - Kreartes<\/title>\n<meta name=\"robots\" content=\"index, follow, max-snippet:-1, max-image-preview:large, max-video-preview:-1\" \/>\n<link rel=\"canonical\" href=\"https:\/\/kreartes.com\/en\/\" \/>\n<meta property=\"og:locale\" content=\"en_GB\" \/>\n<meta property=\"og:type\" content=\"article\" \/>\n<meta property=\"og:title\" content=\"Inicio - Kreartes\" \/>\n<meta property=\"og:description\" content=\"M\u00e1s de 40 a\u00f1os personalizando tu vidaDesde el dise\u00f1o a la producci\u00f3nSolucci\u00f3n integral para resolver tus necesidades Personaliza tu mundo&#8230;. Regalos, ropa, materiales de marketing, accesorios, tarjetas, tazas, p\u00f3steres, vinilos, personaliza camisetas, \u00a1El \u00fanico l\u00edmite es tu imaginaci\u00f3n! Tanto si eres una empresa como un particular, tanto si buscas\u00a0 algo original para ti o para [&hellip;]\" \/>\n<meta property=\"og:url\" content=\"https:\/\/kreartes.com\/en\/\" \/>\n<meta property=\"og:site_name\" content=\"Kreartes\" \/>\n<meta property=\"article:modified_time\" content=\"2026-03-25T10:33:03+00:00\" \/>\n<meta property=\"og:image\" content=\"https:\/\/kreartes.com\/wp-content\/uploads\/2026\/03\/2148586431-1024x683.jpg\" \/>\n<meta name=\"twitter:card\" content=\"summary_large_image\" \/>\n<meta name=\"twitter:label1\" content=\"Estimated reading time\" \/>\n\t<meta name=\"twitter:data1\" content=\"2 minutes\" \/>\n<script type=\"application\/ld+json\" class=\"yoast-schema-graph\">{\"@context\":\"https:\\\/\\\/schema.org\",\"@graph\":[{\"@type\":\"WebPage\",\"@id\":\"https:\\\/\\\/kreartes.com\\\/\",\"url\":\"https:\\\/\\\/kreartes.com\\\/\",\"name\":\"Inicio - Kreartes\",\"isPartOf\":{\"@id\":\"https:\\\/\\\/kreartes.com\\\/#website\"},\"primaryImageOfPage\":{\"@id\":\"https:\\\/\\\/kreartes.com\\\/#primaryimage\"},\"image\":{\"@id\":\"https:\\\/\\\/kreartes.com\\\/#primaryimage\"},\"thumbnailUrl\":\"https:\\\/\\\/kreartes.com\\\/wp-content\\\/uploads\\\/2026\\\/03\\\/2148586431-1024x683.jpg\",\"datePublished\":\"2026-01-15T17:12:06+00:00\",\"dateModified\":\"2026-03-25T10:33:03+00:00\",\"breadcrumb\":{\"@id\":\"https:\\\/\\\/kreartes.com\\\/#breadcrumb\"},\"inLanguage\":\"en-GB\",\"potentialAction\":[{\"@type\":\"ReadAction\",\"target\":[\"https:\\\/\\\/kreartes.com\\\/\"]}]},{\"@type\":\"ImageObject\",\"inLanguage\":\"en-GB\",\"@id\":\"https:\\\/\\\/kreartes.com\\\/#primaryimage\",\"url\":\"https:\\\/\\\/kreartes.com\\\/wp-content\\\/uploads\\\/2026\\\/03\\\/2148586431-1024x683.jpg\",\"contentUrl\":\"https:\\\/\\\/kreartes.com\\\/wp-content\\\/uploads\\\/2026\\\/03\\\/2148586431-1024x683.jpg\"},{\"@type\":\"BreadcrumbList\",\"@id\":\"https:\\\/\\\/kreartes.com\\\/#breadcrumb\",\"itemListElement\":[{\"@type\":\"ListItem\",\"position\":1,\"name\":\"Portada\",\"item\":\"https:\\\/\\\/kreartes.com\\\/\"},{\"@type\":\"ListItem\",\"position\":2,\"name\":\"Inicio\"}]},{\"@type\":\"WebSite\",\"@id\":\"https:\\\/\\\/kreartes.com\\\/#website\",\"url\":\"https:\\\/\\\/kreartes.com\\\/\",\"name\":\"Kreartes\",\"description\":\"Artes Gr\u00e1ficas\",\"publisher\":{\"@id\":\"https:\\\/\\\/kreartes.com\\\/#organization\"},\"potentialAction\":[{\"@type\":\"SearchAction\",\"target\":{\"@type\":\"EntryPoint\",\"urlTemplate\":\"https:\\\/\\\/kreartes.com\\\/?s={search_term_string}\"},\"query-input\":{\"@type\":\"PropertyValueSpecification\",\"valueRequired\":true,\"valueName\":\"search_term_string\"}}],\"inLanguage\":\"en-GB\"},{\"@type\":\"Organization\",\"@id\":\"https:\\\/\\\/kreartes.com\\\/#organization\",\"name\":\"Kreartes\",\"url\":\"https:\\\/\\\/kreartes.com\\\/\",\"logo\":{\"@type\":\"ImageObject\",\"inLanguage\":\"en-GB\",\"@id\":\"https:\\\/\\\/kreartes.com\\\/#\\\/schema\\\/logo\\\/image\\\/\",\"url\":\"https:\\\/\\\/kreartes.com\\\/wp-content\\\/uploads\\\/2026\\\/03\\\/cropped-krearteslogo.png\",\"contentUrl\":\"https:\\\/\\\/kreartes.com\\\/wp-content\\\/uploads\\\/2026\\\/03\\\/cropped-krearteslogo.png\",\"width\":570,\"height\":169,\"caption\":\"Kreartes\"},\"image\":{\"@id\":\"https:\\\/\\\/kreartes.com\\\/#\\\/schema\\\/logo\\\/image\\\/\"}}]}<\/script>\n<!-- \/ Yoast SEO plugin. -->","yoast_head_json":{"title":"Inicio - Kreartes","robots":{"index":"index","follow":"follow","max-snippet":"max-snippet:-1","max-image-preview":"max-image-preview:large","max-video-preview":"max-video-preview:-1"},"canonical":"https:\/\/kreartes.com\/en\/","og_locale":"en_GB","og_type":"article","og_title":"Inicio - Kreartes","og_description":"M\u00e1s de 40 a\u00f1os personalizando tu vidaDesde el dise\u00f1o a la producci\u00f3nSolucci\u00f3n integral para resolver tus necesidades Personaliza tu mundo&#8230;. Regalos, ropa, materiales de marketing, accesorios, tarjetas, tazas, p\u00f3steres, vinilos, personaliza camisetas, \u00a1El \u00fanico l\u00edmite es tu imaginaci\u00f3n! Tanto si eres una empresa como un particular, tanto si buscas\u00a0 algo original para ti o para [&hellip;]","og_url":"https:\/\/kreartes.com\/en\/","og_site_name":"Kreartes","article_modified_time":"2026-03-25T10:33:03+00:00","og_image":[{"url":"https:\/\/kreartes.com\/wp-content\/uploads\/2026\/03\/2148586431-1024x683.jpg","type":"","width":"","height":""}],"twitter_card":"summary_large_image","twitter_misc":{"Estimated reading time":"2 minutes"},"schema":{"@context":"https:\/\/schema.org","@graph":[{"@type":"WebPage","@id":"https:\/\/kreartes.com\/","url":"https:\/\/kreartes.com\/","name":"Inicio - Kreartes","isPartOf":{"@id":"https:\/\/kreartes.com\/#website"},"primaryImageOfPage":{"@id":"https:\/\/kreartes.com\/#primaryimage"},"image":{"@id":"https:\/\/kreartes.com\/#primaryimage"},"thumbnailUrl":"https:\/\/kreartes.com\/wp-content\/uploads\/2026\/03\/2148586431-1024x683.jpg","datePublished":"2026-01-15T17:12:06+00:00","dateModified":"2026-03-25T10:33:03+00:00","breadcrumb":{"@id":"https:\/\/kreartes.com\/#breadcrumb"},"inLanguage":"en-GB","potentialAction":[{"@type":"ReadAction","target":["https:\/\/kreartes.com\/"]}]},{"@type":"ImageObject","inLanguage":"en-GB","@id":"https:\/\/kreartes.com\/#primaryimage","url":"https:\/\/kreartes.com\/wp-content\/uploads\/2026\/03\/2148586431-1024x683.jpg","contentUrl":"https:\/\/kreartes.com\/wp-content\/uploads\/2026\/03\/2148586431-1024x683.jpg"},{"@type":"BreadcrumbList","@id":"https:\/\/kreartes.com\/#breadcrumb","itemListElement":[{"@type":"ListItem","position":1,"name":"Portada","item":"https:\/\/kreartes.com\/"},{"@type":"ListItem","position":2,"name":"Inicio"}]},{"@type":"WebSite","@id":"https:\/\/kreartes.com\/#website","url":"https:\/\/kreartes.com\/","name":"Kreartes","description":"Artes Gr\u00e1ficas","publisher":{"@id":"https:\/\/kreartes.com\/#organization"},"potentialAction":[{"@type":"SearchAction","target":{"@type":"EntryPoint","urlTemplate":"https:\/\/kreartes.com\/?s={search_term_string}"},"query-input":{"@type":"PropertyValueSpecification","valueRequired":true,"valueName":"search_term_string"}}],"inLanguage":"en-GB"},{"@type":"Organization","@id":"https:\/\/kreartes.com\/#organization","name":"Kreartes","url":"https:\/\/kreartes.com\/","logo":{"@type":"ImageObject","inLanguage":"en-GB","@id":"https:\/\/kreartes.com\/#\/schema\/logo\/image\/","url":"https:\/\/kreartes.com\/wp-content\/uploads\/2026\/03\/cropped-krearteslogo.png","contentUrl":"https:\/\/kreartes.com\/wp-content\/uploads\/2026\/03\/cropped-krearteslogo.png","width":570,"height":169,"caption":"Kreartes"},"image":{"@id":"https:\/\/kreartes.com\/#\/schema\/logo\/image\/"}}]}},"_links":{"self":[{"href":"https:\/\/kreartes.com\/en\/wp-json\/wp\/v2\/pages\/10","targetHints":{"allow":["GET"]}}],"collection":[{"href":"https:\/\/kreartes.com\/en\/wp-json\/wp\/v2\/pages"}],"about":[{"href":"https:\/\/kreartes.com\/en\/wp-json\/wp\/v2\/types\/page"}],"author":[{"embeddable":true,"href":"https:\/\/kreartes.com\/en\/wp-json\/wp\/v2\/users\/1"}],"replies":[{"embeddable":true,"href":"https:\/\/kreartes.com\/en\/wp-json\/wp\/v2\/comments?post=10"}],"version-history":[{"count":148,"href":"https:\/\/kreartes.com\/en\/wp-json\/wp\/v2\/pages\/10\/revisions"}],"predecessor-version":[{"id":554,"href":"https:\/\/kreartes.com\/en\/wp-json\/wp\/v2\/pages\/10\/revisions\/554"}],"wp:attachment":[{"href":"https:\/\/kreartes.com\/en\/wp-json\/wp\/v2\/media?parent=10"}],"curies":[{"name":"wp","href":"https:\/\/api.w.org\/{rel}","templated":true}]}}