{"id":379,"date":"2026-03-23T12:53:19","date_gmt":"2026-03-23T12:53:19","guid":{"rendered":"https:\/\/kreartes.rkinformatika.online\/?page_id=379"},"modified":"2026-03-25T10:36:48","modified_gmt":"2026-03-25T10:36:48","slug":"sobre-nosotros","status":"publish","type":"page","link":"https:\/\/kreartes.com\/en\/sobre-nosotros\/","title":{"rendered":"About us"},"content":{"rendered":"<div data-elementor-type=\"wp-page\" data-elementor-id=\"379\" class=\"elementor elementor-379\" data-elementor-post-type=\"page\">\n\t\t\t\t<div class=\"elementor-element elementor-element-8af63c9 e-flex e-con-boxed e-con e-parent\" data-id=\"8af63c9\" data-element_type=\"container\" data-e-type=\"container\" data-settings=\"{&quot;background_background&quot;:&quot;classic&quot;}\">\n\t\t\t\t\t<div class=\"e-con-inner\">\n\t\t<div class=\"elementor-element elementor-element-306427d e-con-full e-flex e-con e-child\" data-id=\"306427d\" data-element_type=\"container\" data-e-type=\"container\" data-settings=\"{&quot;background_background&quot;:&quot;classic&quot;}\">\n\t\t\t\t<\/div>\n\t\t\t\t\t<\/div>\n\t\t\t\t<\/div>\n\t\t<div class=\"elementor-element elementor-element-07ebdec e-flex e-con-boxed e-con e-parent\" data-id=\"07ebdec\" data-element_type=\"container\" data-e-type=\"container\">\n\t\t\t\t\t<div class=\"e-con-inner\">\n\t\t<div class=\"elementor-element elementor-element-0f89901 e-con-full e-flex e-con e-child\" data-id=\"0f89901\" data-element_type=\"container\" data-e-type=\"container\">\n\t\t\t\t<div class=\"elementor-element elementor-element-18ea6a2 elementor-widget elementor-widget-image\" data-id=\"18ea6a2\" data-element_type=\"widget\" data-e-type=\"widget\" data-widget_type=\"image.default\">\n\t\t\t\t\t\t\t\t\t\t\t\t\t\t\t<img fetchpriority=\"high\" decoding=\"async\" width=\"470\" height=\"417\" src=\"https:\/\/kreartes.com\/wp-content\/uploads\/2026\/03\/mostrador-II.jpeg\" class=\"attachment-large size-large wp-image-488\" alt=\"\" srcset=\"https:\/\/kreartes.com\/wp-content\/uploads\/2026\/03\/mostrador-II.jpeg 470w, https:\/\/kreartes.com\/wp-content\/uploads\/2026\/03\/mostrador-II-300x266.jpeg 300w, https:\/\/kreartes.com\/wp-content\/uploads\/2026\/03\/mostrador-II-14x12.jpeg 14w\" sizes=\"(max-width: 470px) 100vw, 470px\" \/>\t\t\t\t\t\t\t\t\t\t\t\t\t\t\t<\/div>\n\t\t\t\t<\/div>\n\t\t<div class=\"elementor-element elementor-element-22d7126 e-con-full e-flex e-con e-child\" data-id=\"22d7126\" data-element_type=\"container\" data-e-type=\"container\">\n\t\t\t\t<div class=\"elementor-element elementor-element-ac89d32 elementor-widget elementor-widget-heading\" data-id=\"ac89d32\" data-element_type=\"widget\" data-e-type=\"widget\" data-widget_type=\"heading.default\">\n\t\t\t\t\t<h2 class=\"elementor-heading-title elementor-size-default\">Calidad, experiencia\u00a0y compromiso a tu servicio<\/h2>\t\t\t\t<\/div>\n\t\t\t\t<div class=\"elementor-element elementor-element-1b05f92 elementor-widget elementor-widget-text-editor\" data-id=\"1b05f92\" data-element_type=\"widget\" data-e-type=\"widget\" data-widget_type=\"text-editor.default\">\n\t\t\t\t\t\t\t\t\t<p>Kreartes gr\u00e1ficas es una marca nueva en el mercado. Sin embargo, nace como resultado de m\u00e1s de 40 a\u00f1os dedicados a proporcionar todo tipo de soluciones de artes gr\u00e1ficas a un gran n\u00famero del clientes, tanto particulares como empresas.<\/p><p>Nuestros valores son la calidad en nuestro trabajo, la experiencia que aportamos y utilizamos para asesorarte, y el compromiso de cumplir con tus necesidades en tiempo, forma y, por supuesto, en precio.<\/p><p>Tanto si eres una empresa como un particular, creemos que mereces lo mejor y ese es nuestro objetivo. Los clientes que prueban se fidelizan con nosotros, y esa es nuestra mayor satiasfacci\u00f3n y la evidencia clara de que sabemos hacer nuestro trabajo y ponernos a tu servicio.<\/p><p>Estamos a tu disposici\u00f3n, ven a vernos y cu\u00e9ntanos. \u00a1Te ayudaremos!<\/p>\t\t\t\t\t\t\t\t<\/div>\n\t\t\t\t<\/div>\n\t\t\t\t\t<\/div>\n\t\t\t\t<\/div>\n\t\t<div class=\"elementor-element elementor-element-36040fb e-flex e-con-boxed e-con e-parent\" data-id=\"36040fb\" data-element_type=\"container\" data-e-type=\"container\">\n\t\t\t\t\t<div class=\"e-con-inner\">\n\t\t<div class=\"elementor-element elementor-element-e5d26a7 e-con-full e-flex e-con e-child\" data-id=\"e5d26a7\" data-element_type=\"container\" data-e-type=\"container\">\n\t\t\t\t<div class=\"elementor-element elementor-element-92c1c68 elementor-widget elementor-widget-image\" data-id=\"92c1c68\" data-element_type=\"widget\" data-e-type=\"widget\" data-widget_type=\"image.default\">\n\t\t\t\t\t\t\t\t\t\t\t\t\t\t\t<img decoding=\"async\" width=\"528\" height=\"312\" src=\"https:\/\/kreartes.com\/wp-content\/uploads\/2026\/03\/nube.png\" class=\"attachment-large size-large wp-image-498\" alt=\"\" srcset=\"https:\/\/kreartes.com\/wp-content\/uploads\/2026\/03\/nube.png 528w, https:\/\/kreartes.com\/wp-content\/uploads\/2026\/03\/nube-300x177.png 300w, https:\/\/kreartes.com\/wp-content\/uploads\/2026\/03\/nube-18x12.png 18w\" sizes=\"(max-width: 528px) 100vw, 528px\" \/>\t\t\t\t\t\t\t\t\t\t\t\t\t\t\t<\/div>\n\t\t\t\t<\/div>\n\t\t<div class=\"elementor-element elementor-element-f17be70 e-con-full e-flex e-con e-child\" data-id=\"f17be70\" data-element_type=\"container\" data-e-type=\"container\">\n\t\t\t\t<div class=\"elementor-element elementor-element-b7270da elementor-widget elementor-widget-heading\" data-id=\"b7270da\" data-element_type=\"widget\" data-e-type=\"widget\" data-widget_type=\"heading.default\">\n\t\t\t\t\t<h2 class=\"elementor-heading-title elementor-size-default\">Sobre Kreartes gr\u00e1ficas<\/h2>\t\t\t\t<\/div>\n\t\t\t\t<div class=\"elementor-element elementor-element-4ada6c1 elementor-widget elementor-widget-text-editor\" data-id=\"4ada6c1\" data-element_type=\"widget\" data-e-type=\"widget\" data-widget_type=\"text-editor.default\">\n\t\t\t\t\t\t\t\t\t<p>M\u00e1s de 40 a\u00f1os personalizando tu vida. Desde el dise\u00f1o a la producci\u00f3n, somos capaces de cubrir, con la m\u00e1xima calidad, todo el \u00e1mbito de las artes gr\u00e1ficas y ofrecerte una soluci\u00f3n intregral para resolver tus necesidades.<\/p>\t\t\t\t\t\t\t\t<\/div>\n\t\t\t\t<\/div>\n\t\t\t\t\t<\/div>\n\t\t\t\t<\/div>\n\t\t<div class=\"elementor-element elementor-element-dba6f6f e-flex e-con-boxed e-con e-parent\" data-id=\"dba6f6f\" data-element_type=\"container\" data-e-type=\"container\">\n\t\t\t\t\t<div class=\"e-con-inner\">\n\t\t<div class=\"elementor-element elementor-element-33eb367 e-con-full e-flex e-con e-child\" data-id=\"33eb367\" data-element_type=\"container\" data-e-type=\"container\">\n\t\t\t\t<div class=\"elementor-element elementor-element-2e97a73 elementor-widget elementor-widget-heading\" data-id=\"2e97a73\" data-element_type=\"widget\" data-e-type=\"widget\" data-widget_type=\"heading.default\">\n\t\t\t\t\t<h2 class=\"elementor-heading-title elementor-size-default\">Partners<\/h2>\t\t\t\t<\/div>\n\t\t\t\t<div class=\"elementor-element elementor-element-505b85b elementor-widget elementor-widget-gallery\" data-id=\"505b85b\" data-element_type=\"widget\" data-e-type=\"widget\" data-settings=\"{&quot;gallery_layout&quot;:&quot;justified&quot;,&quot;ideal_row_height&quot;:{&quot;unit&quot;:&quot;px&quot;,&quot;size&quot;:230,&quot;sizes&quot;:[]},&quot;gap&quot;:{&quot;unit&quot;:&quot;px&quot;,&quot;size&quot;:50,&quot;sizes&quot;:[]},&quot;lazyload&quot;:&quot;yes&quot;,&quot;ideal_row_height_tablet&quot;:{&quot;unit&quot;:&quot;px&quot;,&quot;size&quot;:150,&quot;sizes&quot;:[]},&quot;ideal_row_height_mobile&quot;:{&quot;unit&quot;:&quot;px&quot;,&quot;size&quot;:150,&quot;sizes&quot;:[]},&quot;gap_tablet&quot;:{&quot;unit&quot;:&quot;px&quot;,&quot;size&quot;:10,&quot;sizes&quot;:[]},&quot;gap_mobile&quot;:{&quot;unit&quot;:&quot;px&quot;,&quot;size&quot;:10,&quot;sizes&quot;:[]},&quot;link_to&quot;:&quot;file&quot;,&quot;overlay_background&quot;:&quot;yes&quot;,&quot;content_hover_animation&quot;:&quot;fade-in&quot;}\" data-widget_type=\"gallery.default\">\n\t\t\t\t\t\t\t<div class=\"elementor-gallery__container\">\n\t\t\t\t\t\t\t<a class=\"e-gallery-item elementor-gallery-item elementor-animated-content\" href=\"https:\/\/kreartes.com\/wp-content\/uploads\/2026\/03\/Logo_Orizons.jpg\" data-elementor-open-lightbox=\"yes\" data-elementor-lightbox-slideshow=\"505b85b\" data-elementor-lightbox-title=\"Logo_Orizons\" data-e-action-hash=\"#elementor-action%3Aaction%3Dlightbox%26settings%3DeyJpZCI6NTE5LCJ1cmwiOiJodHRwczpcL1wva3JlYXJ0ZXMuY29tXC93cC1jb250ZW50XC91cGxvYWRzXC8yMDI2XC8wM1wvTG9nb19Pcml6b25zLmpwZyIsInNsaWRlc2hvdyI6IjUwNWI4NWIifQ%3D%3D\">\n\t\t\t\t\t<div class=\"e-gallery-image elementor-gallery-item__image\" data-thumbnail=\"https:\/\/kreartes.com\/wp-content\/uploads\/2026\/03\/Logo_Orizons.jpg\" data-width=\"300\" data-height=\"139\" aria-label=\"\" role=\"img\" ><\/div>\n\t\t\t\t\t\t\t\t\t\t\t<div class=\"elementor-gallery-item__overlay\"><\/div>\n\t\t\t\t\t\t\t\t\t\t\t\t\t\t<\/a>\n\t\t\t\t\t\t\t<a class=\"e-gallery-item elementor-gallery-item elementor-animated-content\" href=\"https:\/\/kreartes.com\/wp-content\/uploads\/2026\/03\/Logo_Roly.jpg\" data-elementor-open-lightbox=\"yes\" data-elementor-lightbox-slideshow=\"505b85b\" data-elementor-lightbox-title=\"Logo_Roly\" data-e-action-hash=\"#elementor-action%3Aaction%3Dlightbox%26settings%3DeyJpZCI6NTIwLCJ1cmwiOiJodHRwczpcL1wva3JlYXJ0ZXMuY29tXC93cC1jb250ZW50XC91cGxvYWRzXC8yMDI2XC8wM1wvTG9nb19Sb2x5LmpwZyIsInNsaWRlc2hvdyI6IjUwNWI4NWIifQ%3D%3D\">\n\t\t\t\t\t<div class=\"e-gallery-image elementor-gallery-item__image\" data-thumbnail=\"https:\/\/kreartes.com\/wp-content\/uploads\/2026\/03\/Logo_Roly.jpg\" data-width=\"150\" data-height=\"260\" aria-label=\"\" role=\"img\" ><\/div>\n\t\t\t\t\t\t\t\t\t\t\t<div class=\"elementor-gallery-item__overlay\"><\/div>\n\t\t\t\t\t\t\t\t\t\t\t\t\t\t<\/a>\n\t\t\t\t\t\t\t<a class=\"e-gallery-item elementor-gallery-item elementor-animated-content\" href=\"https:\/\/kreartes.com\/wp-content\/uploads\/2026\/03\/Fruit-of-the-Loom-Logo-Font.jpg\" data-elementor-open-lightbox=\"yes\" data-elementor-lightbox-slideshow=\"505b85b\" data-elementor-lightbox-title=\"Fruit-of-the-Loom-Logo-Font\" data-e-action-hash=\"#elementor-action%3Aaction%3Dlightbox%26settings%3DeyJpZCI6NTE4LCJ1cmwiOiJodHRwczpcL1wva3JlYXJ0ZXMuY29tXC93cC1jb250ZW50XC91cGxvYWRzXC8yMDI2XC8wM1wvRnJ1aXQtb2YtdGhlLUxvb20tTG9nby1Gb250LmpwZyIsInNsaWRlc2hvdyI6IjUwNWI4NWIifQ%3D%3D\">\n\t\t\t\t\t<div class=\"e-gallery-image elementor-gallery-item__image\" data-thumbnail=\"https:\/\/kreartes.com\/wp-content\/uploads\/2026\/03\/Fruit-of-the-Loom-Logo-Font.jpg\" data-width=\"214\" data-height=\"147\" aria-label=\"\" role=\"img\" ><\/div>\n\t\t\t\t\t\t\t\t\t\t\t<div class=\"elementor-gallery-item__overlay\"><\/div>\n\t\t\t\t\t\t\t\t\t\t\t\t\t\t<\/a>\n\t\t\t\t\t<\/div>\n\t\t\t\t\t<\/div>\n\t\t\t\t<\/div>\n\t\t\t\t\t<\/div>\n\t\t\t\t<\/div>\n\t\t\t\t<\/div>","protected":false},"excerpt":{"rendered":"<p>Calidad, experiencia\u00a0y compromiso a tu servicio Kreartes gr\u00e1ficas es una marca nueva en el mercado. Sin embargo, nace como resultado de m\u00e1s de 40 a\u00f1os dedicados a proporcionar todo tipo de soluciones de artes gr\u00e1ficas a un gran n\u00famero del clientes, tanto particulares como empresas. Nuestros valores son la calidad en nuestro trabajo, la experiencia [&hellip;]<\/p>\n","protected":false},"author":1,"featured_media":0,"parent":0,"menu_order":0,"comment_status":"closed","ping_status":"closed","template":"elementor_canvas","meta":{"footnotes":""},"class_list":["post-379","page","type-page","status-publish","hentry"],"yoast_head":"<!-- This site is optimized with the Yoast SEO plugin v27.3 - https:\/\/yoast.com\/product\/yoast-seo-wordpress\/ -->\n<title>Sobre nosotros - Kreartes<\/title>\n<meta name=\"robots\" content=\"index, follow, max-snippet:-1, max-image-preview:large, max-video-preview:-1\" \/>\n<link rel=\"canonical\" href=\"https:\/\/kreartes.com\/en\/sobre-nosotros\/\" \/>\n<meta property=\"og:locale\" content=\"en_GB\" \/>\n<meta property=\"og:type\" content=\"article\" \/>\n<meta property=\"og:title\" content=\"Sobre nosotros - Kreartes\" \/>\n<meta property=\"og:description\" content=\"Calidad, experiencia\u00a0y compromiso a tu servicio Kreartes gr\u00e1ficas es una marca nueva en el mercado. Sin embargo, nace como resultado de m\u00e1s de 40 a\u00f1os dedicados a proporcionar todo tipo de soluciones de artes gr\u00e1ficas a un gran n\u00famero del clientes, tanto particulares como empresas. Nuestros valores son la calidad en nuestro trabajo, la experiencia [&hellip;]\" \/>\n<meta property=\"og:url\" content=\"https:\/\/kreartes.com\/en\/sobre-nosotros\/\" \/>\n<meta property=\"og:site_name\" content=\"Kreartes\" \/>\n<meta property=\"article:modified_time\" content=\"2026-03-25T10:36:48+00:00\" \/>\n<meta property=\"og:image\" content=\"https:\/\/kreartes.com\/wp-content\/uploads\/2026\/03\/mostrador-II.jpeg\" \/>\n<meta name=\"twitter:card\" content=\"summary_large_image\" \/>\n<meta name=\"twitter:label1\" content=\"Estimated reading time\" \/>\n\t<meta name=\"twitter:data1\" content=\"1 minute\" \/>\n<script type=\"application\/ld+json\" class=\"yoast-schema-graph\">{\"@context\":\"https:\\\/\\\/schema.org\",\"@graph\":[{\"@type\":\"WebPage\",\"@id\":\"https:\\\/\\\/kreartes.com\\\/sobre-nosotros\\\/\",\"url\":\"https:\\\/\\\/kreartes.com\\\/sobre-nosotros\\\/\",\"name\":\"Sobre nosotros - Kreartes\",\"isPartOf\":{\"@id\":\"https:\\\/\\\/kreartes.com\\\/#website\"},\"primaryImageOfPage\":{\"@id\":\"https:\\\/\\\/kreartes.com\\\/sobre-nosotros\\\/#primaryimage\"},\"image\":{\"@id\":\"https:\\\/\\\/kreartes.com\\\/sobre-nosotros\\\/#primaryimage\"},\"thumbnailUrl\":\"https:\\\/\\\/kreartes.com\\\/wp-content\\\/uploads\\\/2026\\\/03\\\/mostrador-II.jpeg\",\"datePublished\":\"2026-03-23T12:53:19+00:00\",\"dateModified\":\"2026-03-25T10:36:48+00:00\",\"breadcrumb\":{\"@id\":\"https:\\\/\\\/kreartes.com\\\/sobre-nosotros\\\/#breadcrumb\"},\"inLanguage\":\"en-GB\",\"potentialAction\":[{\"@type\":\"ReadAction\",\"target\":[\"https:\\\/\\\/kreartes.com\\\/sobre-nosotros\\\/\"]}]},{\"@type\":\"ImageObject\",\"inLanguage\":\"en-GB\",\"@id\":\"https:\\\/\\\/kreartes.com\\\/sobre-nosotros\\\/#primaryimage\",\"url\":\"https:\\\/\\\/kreartes.com\\\/wp-content\\\/uploads\\\/2026\\\/03\\\/mostrador-II.jpeg\",\"contentUrl\":\"https:\\\/\\\/kreartes.com\\\/wp-content\\\/uploads\\\/2026\\\/03\\\/mostrador-II.jpeg\"},{\"@type\":\"BreadcrumbList\",\"@id\":\"https:\\\/\\\/kreartes.com\\\/sobre-nosotros\\\/#breadcrumb\",\"itemListElement\":[{\"@type\":\"ListItem\",\"position\":1,\"name\":\"Portada\",\"item\":\"https:\\\/\\\/kreartes.com\\\/\"},{\"@type\":\"ListItem\",\"position\":2,\"name\":\"Sobre nosotros\"}]},{\"@type\":\"WebSite\",\"@id\":\"https:\\\/\\\/kreartes.com\\\/#website\",\"url\":\"https:\\\/\\\/kreartes.com\\\/\",\"name\":\"Kreartes\",\"description\":\"Artes Gr\u00e1ficas\",\"publisher\":{\"@id\":\"https:\\\/\\\/kreartes.com\\\/#organization\"},\"potentialAction\":[{\"@type\":\"SearchAction\",\"target\":{\"@type\":\"EntryPoint\",\"urlTemplate\":\"https:\\\/\\\/kreartes.com\\\/?s={search_term_string}\"},\"query-input\":{\"@type\":\"PropertyValueSpecification\",\"valueRequired\":true,\"valueName\":\"search_term_string\"}}],\"inLanguage\":\"en-GB\"},{\"@type\":\"Organization\",\"@id\":\"https:\\\/\\\/kreartes.com\\\/#organization\",\"name\":\"Kreartes\",\"url\":\"https:\\\/\\\/kreartes.com\\\/\",\"logo\":{\"@type\":\"ImageObject\",\"inLanguage\":\"en-GB\",\"@id\":\"https:\\\/\\\/kreartes.com\\\/#\\\/schema\\\/logo\\\/image\\\/\",\"url\":\"https:\\\/\\\/kreartes.com\\\/wp-content\\\/uploads\\\/2026\\\/03\\\/cropped-krearteslogo.png\",\"contentUrl\":\"https:\\\/\\\/kreartes.com\\\/wp-content\\\/uploads\\\/2026\\\/03\\\/cropped-krearteslogo.png\",\"width\":570,\"height\":169,\"caption\":\"Kreartes\"},\"image\":{\"@id\":\"https:\\\/\\\/kreartes.com\\\/#\\\/schema\\\/logo\\\/image\\\/\"}}]}<\/script>\n<!-- \/ Yoast SEO plugin. -->","yoast_head_json":{"title":"Sobre nosotros - Kreartes","robots":{"index":"index","follow":"follow","max-snippet":"max-snippet:-1","max-image-preview":"max-image-preview:large","max-video-preview":"max-video-preview:-1"},"canonical":"https:\/\/kreartes.com\/en\/sobre-nosotros\/","og_locale":"en_GB","og_type":"article","og_title":"Sobre nosotros - Kreartes","og_description":"Calidad, experiencia\u00a0y compromiso a tu servicio Kreartes gr\u00e1ficas es una marca nueva en el mercado. Sin embargo, nace como resultado de m\u00e1s de 40 a\u00f1os dedicados a proporcionar todo tipo de soluciones de artes gr\u00e1ficas a un gran n\u00famero del clientes, tanto particulares como empresas. Nuestros valores son la calidad en nuestro trabajo, la experiencia [&hellip;]","og_url":"https:\/\/kreartes.com\/en\/sobre-nosotros\/","og_site_name":"Kreartes","article_modified_time":"2026-03-25T10:36:48+00:00","og_image":[{"url":"https:\/\/kreartes.com\/wp-content\/uploads\/2026\/03\/mostrador-II.jpeg","type":"","width":"","height":""}],"twitter_card":"summary_large_image","twitter_misc":{"Estimated reading time":"1 minute"},"schema":{"@context":"https:\/\/schema.org","@graph":[{"@type":"WebPage","@id":"https:\/\/kreartes.com\/sobre-nosotros\/","url":"https:\/\/kreartes.com\/sobre-nosotros\/","name":"Sobre nosotros - Kreartes","isPartOf":{"@id":"https:\/\/kreartes.com\/#website"},"primaryImageOfPage":{"@id":"https:\/\/kreartes.com\/sobre-nosotros\/#primaryimage"},"image":{"@id":"https:\/\/kreartes.com\/sobre-nosotros\/#primaryimage"},"thumbnailUrl":"https:\/\/kreartes.com\/wp-content\/uploads\/2026\/03\/mostrador-II.jpeg","datePublished":"2026-03-23T12:53:19+00:00","dateModified":"2026-03-25T10:36:48+00:00","breadcrumb":{"@id":"https:\/\/kreartes.com\/sobre-nosotros\/#breadcrumb"},"inLanguage":"en-GB","potentialAction":[{"@type":"ReadAction","target":["https:\/\/kreartes.com\/sobre-nosotros\/"]}]},{"@type":"ImageObject","inLanguage":"en-GB","@id":"https:\/\/kreartes.com\/sobre-nosotros\/#primaryimage","url":"https:\/\/kreartes.com\/wp-content\/uploads\/2026\/03\/mostrador-II.jpeg","contentUrl":"https:\/\/kreartes.com\/wp-content\/uploads\/2026\/03\/mostrador-II.jpeg"},{"@type":"BreadcrumbList","@id":"https:\/\/kreartes.com\/sobre-nosotros\/#breadcrumb","itemListElement":[{"@type":"ListItem","position":1,"name":"Portada","item":"https:\/\/kreartes.com\/"},{"@type":"ListItem","position":2,"name":"Sobre nosotros"}]},{"@type":"WebSite","@id":"https:\/\/kreartes.com\/#website","url":"https:\/\/kreartes.com\/","name":"Kreartes","description":"Artes Gr\u00e1ficas","publisher":{"@id":"https:\/\/kreartes.com\/#organization"},"potentialAction":[{"@type":"SearchAction","target":{"@type":"EntryPoint","urlTemplate":"https:\/\/kreartes.com\/?s={search_term_string}"},"query-input":{"@type":"PropertyValueSpecification","valueRequired":true,"valueName":"search_term_string"}}],"inLanguage":"en-GB"},{"@type":"Organization","@id":"https:\/\/kreartes.com\/#organization","name":"Kreartes","url":"https:\/\/kreartes.com\/","logo":{"@type":"ImageObject","inLanguage":"en-GB","@id":"https:\/\/kreartes.com\/#\/schema\/logo\/image\/","url":"https:\/\/kreartes.com\/wp-content\/uploads\/2026\/03\/cropped-krearteslogo.png","contentUrl":"https:\/\/kreartes.com\/wp-content\/uploads\/2026\/03\/cropped-krearteslogo.png","width":570,"height":169,"caption":"Kreartes"},"image":{"@id":"https:\/\/kreartes.com\/#\/schema\/logo\/image\/"}}]}},"_links":{"self":[{"href":"https:\/\/kreartes.com\/en\/wp-json\/wp\/v2\/pages\/379","targetHints":{"allow":["GET"]}}],"collection":[{"href":"https:\/\/kreartes.com\/en\/wp-json\/wp\/v2\/pages"}],"about":[{"href":"https:\/\/kreartes.com\/en\/wp-json\/wp\/v2\/types\/page"}],"author":[{"embeddable":true,"href":"https:\/\/kreartes.com\/en\/wp-json\/wp\/v2\/users\/1"}],"replies":[{"embeddable":true,"href":"https:\/\/kreartes.com\/en\/wp-json\/wp\/v2\/comments?post=379"}],"version-history":[{"count":28,"href":"https:\/\/kreartes.com\/en\/wp-json\/wp\/v2\/pages\/379\/revisions"}],"predecessor-version":[{"id":569,"href":"https:\/\/kreartes.com\/en\/wp-json\/wp\/v2\/pages\/379\/revisions\/569"}],"wp:attachment":[{"href":"https:\/\/kreartes.com\/en\/wp-json\/wp\/v2\/media?parent=379"}],"curies":[{"name":"wp","href":"https:\/\/api.w.org\/{rel}","templated":true}]}}